{"id":971,"date":"2026-01-07T11:48:45","date_gmt":"2026-01-07T11:48:45","guid":{"rendered":"https:\/\/aac-research.agency-11.com\/?page_id=971"},"modified":"2026-02-24T18:48:01","modified_gmt":"2026-02-24T18:48:01","slug":"teste","status":"publish","type":"page","link":"https:\/\/www.aac-research.at\/pt\/services\/testing\/","title":{"rendered":"Ensaios"},"content":{"rendered":"<div class=\"breadcrumbs\" xmlns:v=\"http:\/\/rdf.data-vocabulary.org\/#\"><span property=\"itemListElement\" typeof=\"ListItem\"><a property=\"item\" typeof=\"WebPage\" title=\"Aceder a Aerospace &amp; Advanced Composites GmbH - Consultoria, Testes, Desenvolvimento, Investiga\u00e7\u00e3o.\" href=\"https:\/\/www.aac-research.at\/pt\" class=\"home\" aria-current=\"page\"><span property=\"name\">Aerospace &amp; Advanced Composites GmbH - Consultoria, Testes, Desenvolvimento, Investiga\u00e7\u00e3o<\/span><\/a><meta property=\"position\" content=\"1\"><\/span><\/div>\n<h6>\n\t\t\tServi\u00e7os\t<\/h6>\n<h1  id=\"subpage_header_two\">\n\t\t\tEnsaios de materiais e componentes\t<\/h1>\n<h4  id=\"subpage_header_two\">\n\t\t\tSimula\u00e7\u00e3o do ambiente espacial para ensaios de materiais\t<\/h4>\n    <a href=\"#services\">Ver servi\u00e7os <img decoding=\"async\" role=\"img\" src=\"\/wp-content\/uploads\/2026\/01\/chevron-right.svg\" alt=\"arrowdown\" title=\"\" data-no-translation=\"\" data-no-auto-translation=\"\"><\/a>\n    <a href=\"\/wp-content\/uploads\/AAC-Tribotesting-for-Space.pdf\" target=\"_blank\">\nVis\u00e3o geral dos servi\u00e7os tribol\u00f3gicos e do patrim\u00f3nio <img decoding=\"async\" role=\"img\" src=\"\/wp-content\/uploads\/document-download.svg\" alt=\"arrowdown\" title=\"\" data-no-translation=\"\" data-no-auto-translation=\"\"><\/a>\n<figure data-animation-delay=\"0\" data-animation-duration=\"1\" itemscope itemtype=\"https:\/\/schema.org\/ImageObject\">\n\t\t\t\t<img decoding=\"async\" src=\"https:\/\/www.aac-research.at\/wp-content\/uploads\/N7-e1667553916310-600x357-1.jpg\" alt=\"Chemical Analysis, Surface Characterization\" height=\"357\" width=\"600\" title=\"N7-e1667553916310-600x357\" onerror=\"this.style.display='none'\" loading=\"lazy\" data-no-translation=\"\" data-no-auto-translation=\"\" \/>\n\t<\/figure>\n<h6>\n\t\t\t\/\/ oferecemos-lhe servi\u00e7os de testes nas seguintes \u00e1reas\t<\/h6>\n\t<div class=\"facetwp-facet facetwp-facet-service_areas facetwp-type-radio\" data-name=\"service_areas\" data-type=\"radio\"><\/div>\n\t<h4>A AAC oferece uma vasta gama de testes de materiais (a granel, pel\u00edculas, solos, revestimentos, tintas) para a sua aplicabilidade no espa\u00e7o.<\/h4>\n<p>As encomendas podem come\u00e7ar com alguns testes individuais ou podem ir at\u00e9 grandes campanhas de testes. Para estas \u00faltimas, a AAC pode tamb\u00e9m atuar como um balc\u00e3o \u00fanico.<\/p>\n<p>A AAC tamb\u00e9m oferece testes de componentes. Determinado patrim\u00f3nio est\u00e1 dispon\u00edvel para componentes relacionados com mecanismos, estruturas e controlo t\u00e9rmico.<\/p>\n<p>Os ensaios de v\u00e1cuo t\u00e9rmico (TV) s\u00e3o oferecidos para todos os n\u00edveis, desde breadboards (BB) at\u00e9 modelos de voo (FM) em condi\u00e7\u00f5es de sala limpa. Est\u00e3o dispon\u00edveis c\u00e2maras de v\u00e1cuo t\u00e9rmico (TVAC) at\u00e9 ao tamanho m\u00e9dio (2m\u00b3).<\/p>\n<p>Os ensaios mec\u00e2nicos abrangem quase todas as temperaturas tecnicamente relevantes, desde o n\u00edvel criog\u00e9nico (4K) at\u00e9 quase \u00e0s condi\u00e7\u00f5es de reentrada (2200\u00b0C).<\/p>\n<p>Al\u00e9m disso, \u00e9 oferecida uma an\u00e1lise p\u00f3s-teste. Come\u00e7ando pela inspe\u00e7\u00e3o visual padr\u00e3o, a prepara\u00e7\u00e3o metalogr\u00e1fica seguida de microscopia, desde a \u00f3tica at\u00e9 aos microsc\u00f3pios electr\u00f3nicos de varrimento. Este \u00faltimo oferece an\u00e1lise elementar (EDX), mas tamb\u00e9m an\u00e1lise cristalogr\u00e1fica (EBSD). O FIB (feixe de i\u00f5es focalizado) permite a realiza\u00e7\u00e3o de sec\u00e7\u00f5es transversais localizadas in-situ.<\/p>","protected":false},"excerpt":{"rendered":"<p>Services Material and Component Testing Space environment simulation for material tests View services Overview on tribological services and heritage \/\/ we offer you testing services in the following areas AAC offers a wide range of testing of materials (bulk, films, soils, coatings, paints) for their applicability to space. Orders may start with few single tests, &#8230; <a title=\"Ensaios\" class=\"read-more\" href=\"https:\/\/www.aac-research.at\/pt\/services\/testing\/\" aria-label=\"Leia mais sobre Testing\">Ler mais<\/a><\/p>","protected":false},"author":2,"featured_media":0,"parent":6555,"menu_order":0,"comment_status":"closed","ping_status":"closed","template":"","meta":{"_acf_changed":false,"footnotes":""},"class_list":["post-971","page","type-page","status-publish"],"acf":[],"_links":{"self":[{"href":"https:\/\/www.aac-research.at\/pt\/wp-json\/wp\/v2\/pages\/971","targetHints":{"allow":["GET"]}}],"collection":[{"href":"https:\/\/www.aac-research.at\/pt\/wp-json\/wp\/v2\/pages"}],"about":[{"href":"https:\/\/www.aac-research.at\/pt\/wp-json\/wp\/v2\/types\/page"}],"author":[{"embeddable":true,"href":"https:\/\/www.aac-research.at\/pt\/wp-json\/wp\/v2\/users\/2"}],"replies":[{"embeddable":true,"href":"https:\/\/www.aac-research.at\/pt\/wp-json\/wp\/v2\/comments?post=971"}],"version-history":[{"count":1,"href":"https:\/\/www.aac-research.at\/pt\/wp-json\/wp\/v2\/pages\/971\/revisions"}],"predecessor-version":[{"id":6567,"href":"https:\/\/www.aac-research.at\/pt\/wp-json\/wp\/v2\/pages\/971\/revisions\/6567"}],"up":[{"embeddable":true,"href":"https:\/\/www.aac-research.at\/pt\/wp-json\/wp\/v2\/pages\/6555"}],"wp:attachment":[{"href":"https:\/\/www.aac-research.at\/pt\/wp-json\/wp\/v2\/media?parent=971"}],"curies":[{"name":"wp","href":"https:\/\/api.w.org\/{rel}","templated":true}]}}